{"id":1166,"date":"2024-12-22T11:32:24","date_gmt":"2024-12-22T11:32:24","guid":{"rendered":"http:\/\/www.perimed-instruments.com\/us\/?page_id=1166"},"modified":"2025-01-10T14:09:22","modified_gmt":"2025-01-10T14:09:22","slug":"website-terms-and-conditions","status":"publish","type":"page","link":"https:\/\/www.perimed-instruments.com\/us\/about\/governance\/website-terms-and-conditions\/","title":{"rendered":"Website terms and conditions"},"content":{"rendered":"<section class=\"relative w-full mx-auto pt-24 2xl:pt-24 pb-12 2xl:pb-12 none\" id=\"learn-more\">\n                        \n\n        <div class=\"section__content  max-w-4xl px-4 mx-auto sec_no_tabs\" >\n            \n<div class=\"yoast-breadcrumbs\"><span><span><a href=\"https:\/\/www.perimed-instruments.com\/us\/\">Home<\/a><\/span> \/ <span><a href=\"https:\/\/www.perimed-instruments.com\/us\/about\/\">About<\/a><\/span> \/ <span><a href=\"https:\/\/www.perimed-instruments.com\/us\/about\/governance\/\">Governance<\/a><\/span> \/ <span class=\"breadcrumb_last\" aria-current=\"page\">Website terms and conditions<\/span><\/span><\/div>\n\n\n<h1 class=\"wp-block-heading pb-8 has-h-1-font-size\">Website terms and conditions<\/h1>\n\n\n\n<h4 class=\"wp-block-heading has-h-2-font-size\">Introduction<\/h4>\n\n\n\n<p class=\"has-text-20-font-size\">Welcome to perimed-instruments.com (&#8220;we,&#8221; &#8220;us,&#8221; or &#8220;our&#8221;). By accessing or using our website (the &#8220;Site&#8221;), you agree to comply with and be bound by the following Terms and Conditions (&#8220;Terms&#8221;). If you do not agree to these Terms, please do not use our Site.<\/p>\n\n\n        <\/div>\n    <\/section>\n\n\n<section class=\"relative w-full mx-auto pt-12 2xl:pt-12 pb-2.5 2xl:pb-2.5 none\">\n                        \n\n        <div class=\"section__content  max-w-4xl px-4 mx-auto sec_no_tabs\" >\n            \n\n<h4 class=\"wp-block-heading has-h-2-font-size\">Use of the Site<\/h4>\n\n\n\n<p class=\"has-p-regular-font-size\">You agree to use the Site only for lawful purposes and in a manner that does not infringe the rights of, restrict or inhibit the use of this website by any third party. Prohibited conduct includes, but is not limited to, disrupting or interfering with the security of the Site, or using the Site for fraudulent activities such as uploading malicious code like viruses and trojans, automated use of the site like scraping and bots, or impersonating others.<\/p>\n\n\n        <\/div>\n    <\/section>\n\n\n<section class=\"relative w-full mx-auto pt-12 2xl:pt-12 pb-2.5 2xl:pb-2.5 none\">\n                        \n\n        <div class=\"section__content  max-w-4xl px-4 mx-auto sec_no_tabs\" >\n            \n\n<h4 class=\"wp-block-heading has-h-2-font-size\">Content and intellectual property<\/h4>\n\n\n\n<p class=\"has-p-regular-font-size\">The content on the Site, including text, graphics, logos, images, videos, software, and any other materials, is Perimed\u2019s property of or its customers and is protected by copyright, trademark, and other intellectual property laws. You may not use, copy, reproduce, distribute, or modify any content from the Site without prior written permission from us.<\/p>\n\n\n        <\/div>\n    <\/section>\n\n\n<section class=\"relative w-full mx-auto pt-12 2xl:pt-12 pb-2.5 2xl:pb-2.5 none\">\n                        \n\n        <div class=\"section__content  max-w-4xl px-4 mx-auto sec_no_tabs\" >\n            \n\n<h4 class=\"wp-block-heading has-h-2-font-size\">User accounts<\/h4>\n\n\n\n<p class=\"has-p-regular-font-size\">If you create an account on our Site, you are responsible for maintaining the confidentiality of your login information and for all activities that occur under your account. You agree to notify us immediately of any unauthorized use of your account or any other security breaches. Sharing of login details or engaging in unauthorized access attempts is prohibited.<\/p>\n\n\n        <\/div>\n    <\/section>\n\n\n<section class=\"relative w-full mx-auto pt-12 2xl:pt-12 pb-2.5 2xl:pb-2.5 none\">\n                        \n\n        <div class=\"section__content  max-w-4xl px-4 mx-auto sec_no_tabs\" >\n            \n\n<h4 class=\"wp-block-heading has-h-2-font-size\">Termination<\/h4>\n\n\n\n<p class=\"has-p-regular-font-size\">We may suspend or terminate your access to the Site without prior notice if we determine that you have violated these Terms, applicable laws, or engaged in harmful conduct.<\/p>\n\n\n        <\/div>\n    <\/section>\n\n\n<section class=\"relative w-full mx-auto pt-12 2xl:pt-12 pb-2.5 2xl:pb-2.5 none\">\n                        \n\n        <div class=\"section__content  max-w-4xl px-4 mx-auto sec_no_tabs\" >\n            \n\n<h4 class=\"wp-block-heading has-h-2-font-size\">Third-party links<\/h4>\n\n\n\n<p class=\"has-p-regular-font-size\">The Site may contain links to third-party websites or resources. We do not endorse, guarantee, or assume responsibility for the content, products, or services provided by third-party sites. You acknowledge and agree that we are not responsible for any loss or damage that may arise from your use of third-party websites.<\/p>\n\n\n        <\/div>\n    <\/section>\n\n\n<section class=\"relative w-full mx-auto pt-12 2xl:pt-12 pb-2.5 2xl:pb-2.5 none\">\n                        \n\n        <div class=\"section__content  max-w-4xl px-4 mx-auto sec_no_tabs\" >\n            \n\n<h4 class=\"wp-block-heading has-h-2-font-size\">Privacy Policy<\/h4>\n\n\n\n<p class=\"has-p-regular-font-size\">We respect your privacy. Please review our <a href=\"\/about\/governance\/privacy-policy\">Privacy Policy<\/a> to understand how we collect, use, and protect your personal information. By using the Site, you consent to the practices outlined in our Privacy Policy.<\/p>\n\n\n        <\/div>\n    <\/section>\n\n\n<section class=\"relative w-full mx-auto pt-12 2xl:pt-12 pb-2.5 2xl:pb-2.5 none\">\n                        \n\n        <div class=\"section__content  max-w-4xl px-4 mx-auto sec_no_tabs\" >\n            \n\n<h3 class=\"wp-block-heading has-h-2-font-size\">Disclaimers and limitation of liability<\/h3>\n\n\n\n<p class=\"has-p-regular-font-size\">The Site and its contents are provided &#8220;as is&#8221; without warranties of any kind, either express or implied. We do not guarantee that the Site will be error-free or uninterrupted. To the fullest extent permitted by law, we disclaim all liability for any damages, losses, or expenses arising from your use of or inability to use the Site.<\/p>\n\n\n        <\/div>\n    <\/section>\n\n\n<section class=\"relative w-full mx-auto pt-12 2xl:pt-12 pb-2.5 2xl:pb-2.5 none\">\n                        \n\n        <div class=\"section__content  max-w-4xl px-4 mx-auto sec_no_tabs\" >\n            \n\n<h3 class=\"wp-block-heading has-h-2-font-size\">Indemnification<\/h3>\n\n\n\n<p class=\"has-p-regular-font-size\">You agree to compensate us for any losses or damages caused by your breach of these Terms or misuse of the Site, or any content you submit or share.<\/p>\n\n\n        <\/div>\n    <\/section>\n\n\n<section class=\"relative w-full mx-auto pt-12 2xl:pt-12 pb-2.5 2xl:pb-2.5 none\">\n                        \n\n        <div class=\"section__content  max-w-4xl px-4 mx-auto sec_no_tabs\" >\n            \n\n<h3 class=\"wp-block-heading has-h-2-font-size\">Modifications to these Terms<\/h3>\n\n\n\n<p class=\"has-p-regular-font-size\">We reserve the right to update or modify these Terms at any time. Any changes will be effective immediately upon posting on the Site, and your continued use of the Site after such changes constitutes your acceptance of the new Terms. For significant changes, we will inform you through a prominent notice on the Site. You can access these Terms at any time through the link provided in the footer of every page of the Site.<\/p>\n\n\n        <\/div>\n    <\/section>\n\n\n<section class=\"relative w-full mx-auto pt-12 2xl:pt-12 pb-2.5 2xl:pb-2.5 none\">\n                        \n\n        <div class=\"section__content  max-w-4xl px-4 mx-auto sec_no_tabs\" >\n            \n\n<h3 class=\"wp-block-heading has-h-2-font-size\">Governing law<\/h3>\n\n\n\n<p class=\"has-p-regular-font-size\">These Terms are governed by and construed in accordance with Swedish laws. Any disputes arising under or in connection with these Terms shall be subject to the exclusive jurisdiction of the courts of Sweden.<\/p>\n\n\n        <\/div>\n    <\/section>\n\n\n<section class=\"relative w-full mx-auto pt-12 2xl:pt-12 pb-12 2xl:pb-12 none\">\n                        \n\n        <div class=\"section__content  max-w-4xl px-4 mx-auto sec_no_tabs\" >\n            \n\n<h3 class=\"wp-block-heading has-h-2-font-size\">Contact information<\/h3>\n\n\n\n<p class=\"has-p-regular-font-size\">If you have any questions or concerns regarding these Terms, please contact us at:<\/p>\n\n\n\n<p class=\"has-p-regular-font-size\">Headquarters \u2014 Sweden<br>Perimed AB, Datav\u00e4gen 9 A, 175 43 J\u00e4rf\u00e4lla<br>Phone: +46 8 580 119 90<br>Mail: mail@perimed-instruments.com<\/p>\n\n\n\n<p class=\"has-p-regular-font-size\"><em>By using this Site, you acknowledge that you have read, understood, and agree to be bound by these Terms and Conditions. These terms and conditions were last updated on December 10, 2024.<\/em><\/p>\n\n\n        <\/div>\n    <\/section>\n\n\n<div class=\"gn-spacer-block pb-24\">\n    <\/div>\n","protected":false},"excerpt":{"rendered":"","protected":false},"author":1,"featured_media":0,"parent":1161,"menu_order":0,"comment_status":"closed","ping_status":"closed","template":"","meta":{"_acf_changed":false,"inline_featured_image":false,"_FSMCFIC_featured_image_caption":"","_FSMCFIC_featured_image_nocaption":"","_FSMCFIC_featured_image_hide":"","footnotes":""},"class_list":["post-1166","page","type-page","status-publish","hentry"],"acf":{"page_layout":"fullwidth","page_header_style":"dark","page_hero_overlap_header":"no","page_custom_css":""},"_links":{"self":[{"href":"https:\/\/www.perimed-instruments.com\/us\/wp-json\/wp\/v2\/pages\/1166","targetHints":{"allow":["GET"]}}],"collection":[{"href":"https:\/\/www.perimed-instruments.com\/us\/wp-json\/wp\/v2\/pages"}],"about":[{"href":"https:\/\/www.perimed-instruments.com\/us\/wp-json\/wp\/v2\/types\/page"}],"author":[{"embeddable":true,"href":"https:\/\/www.perimed-instruments.com\/us\/wp-json\/wp\/v2\/users\/1"}],"replies":[{"embeddable":true,"href":"https:\/\/www.perimed-instruments.com\/us\/wp-json\/wp\/v2\/comments?post=1166"}],"version-history":[{"count":3,"href":"https:\/\/www.perimed-instruments.com\/us\/wp-json\/wp\/v2\/pages\/1166\/revisions"}],"predecessor-version":[{"id":3728,"href":"https:\/\/www.perimed-instruments.com\/us\/wp-json\/wp\/v2\/pages\/1166\/revisions\/3728"}],"up":[{"embeddable":true,"href":"https:\/\/www.perimed-instruments.com\/us\/wp-json\/wp\/v2\/pages\/1161"}],"wp:attachment":[{"href":"https:\/\/www.perimed-instruments.com\/us\/wp-json\/wp\/v2\/media?parent=1166"}],"curies":[{"name":"wp","href":"https:\/\/api.w.org\/{rel}","templated":true}]}}