{"id":1167,"date":"2024-12-22T11:41:39","date_gmt":"2024-12-22T11:41:39","guid":{"rendered":"http:\/\/www.perimed-instruments.com\/us\/?page_id=1167"},"modified":"2025-01-12T20:47:59","modified_gmt":"2025-01-12T20:47:59","slug":"cookie-policy","status":"publish","type":"page","link":"https:\/\/www.perimed-instruments.com\/us\/about\/governance\/cookie-policy\/","title":{"rendered":"Cookie Policy"},"content":{"rendered":"<section class=\"relative w-full mx-auto pt-24 2xl:pt-24 pb-8 2xl:pb-8 none\" id=\"learn-more\">\n                        \n\n        <div class=\"section__content  max-w-4xl px-4 mx-auto sec_no_tabs\" >\n            \n<div class=\"yoast-breadcrumbs\"><span><span><a href=\"https:\/\/www.perimed-instruments.com\/us\/\">Home<\/a><\/span> \/ <span><a href=\"https:\/\/www.perimed-instruments.com\/us\/about\/\">About<\/a><\/span> \/ <span><a href=\"https:\/\/www.perimed-instruments.com\/us\/about\/governance\/\">Governance<\/a><\/span> \/ <span class=\"breadcrumb_last\" aria-current=\"page\">Cookie Policy<\/span><\/span><\/div>\n\n\n<h1 class=\"wp-block-heading\">Cookie Policy<\/h1>\n\n\n\n<p class=\"has-text-20-font-size\">Perimed (\u201cwe,\u201d \u201cus,\u201d or \u201cour\u201d) uses cookies and similar tracking technologies on perimed-instruments.com (the \u201cSite\u201d) to enhance your browsing experience, analyze website traffic, and tailor our content and advertisements. This Cookie Policy explains what cookies are, how we use them, and your options regarding their use.<\/p>\n\n\n        <\/div>\n    <\/section>\n\n\n<section class=\"relative w-full mx-auto pt-12 2xl:pt-12 pb-2.5 2xl:pb-2.5 none\">\n                        \n\n        <div class=\"section__content  max-w-4xl px-4 mx-auto sec_no_tabs\" >\n            \n\n<h4 class=\"wp-block-heading has-h-2-font-size\">What are cookies?<\/h4>\n\n\n\n<p class=\"has-p-regular-font-size\">Cookies are small text files stored on your device (computer, smartphone, or tablet) by websites you visit. They enable the website to recognize your device and store certain information about your preferences or past actions.<\/p>\n\n\n\n<p><strong>Consent and control over cookies<\/strong> \u2014 when you visit our Site, a cookie banner will appear, allowing you to customize your preferences. You can update your cookie settings anytime by clicking on the link at the bottom of our Site.<\/p>\n\n\n\n<p><strong>Cookie duration<\/strong> \u2014 cookies on our Site may be session-based (deleted when you close your browser) or persistent (stored on your device for a set period or until you delete them). The duration depends on the type of cookie.<\/p>\n\n\n\n<p><strong>Compliance with privacy laws <\/strong>\u2014 we use cookies in compliance with the General Data Protection Regulation (GDPR) for EU users and applicable data privacy laws in other jurisdictions, such as the California Consumer Privacy Act (CCPA).<\/p>\n\n\n        <\/div>\n    <\/section>\n\n\n<section class=\"relative w-full mx-auto pt-12 2xl:pt-12 pb-2.5 2xl:pb-2.5 none\">\n                        \n\n        <div class=\"section__content  max-w-4xl px-4 mx-auto sec_no_tabs\" >\n            \n\n<h4 class=\"wp-block-heading has-h-2-font-size\">Types of cookies we use<\/h4>\n\n\n\n<p class=\"has-p-regular-font-size\">We use the following categories of cookies on our Site:<\/p>\n\n\n\n<p><strong>Strictly necessary cookies:<\/strong><\/p>\n\n\n\n<p>These cookies are essential for the operation of our website. Without them, certain services or features, such as secure logins or webinar functionality, cannot be provided.<\/p>\n\n\n\n<p><strong>Performance cookies:<\/strong><\/p>\n\n\n\n<p>These cookies collect information about how visitors use our Site, such as which pages are most frequently visited. This helps us improve the performance and design of our website.<\/p>\n\n\n\n<p><strong>Functionality cookies:<\/strong><\/p>\n\n\n\n<p>These cookies allow the Site to remember your preferences (e.g., language or region) and provide enhanced features.<\/p>\n\n\n\n<p><strong>Targeting\/advertising cookies:<\/strong><\/p>\n\n\n\n<p>These cookies are used to deliver advertisements more relevant to you and your interests. They also help measure the effectiveness of our advertising campaigns.<\/p>\n\n\n\n<p><strong>Third-party cookies<\/strong><br><br>Some cookies on our Site are set by third parties, such as analytics services (e.g., Google Analytics) or advertising platforms. These third-party cookies are subject to the cookie policies of the respective providers. We <\/p>\n\n\n        <\/div>\n    <\/section>\n\n\n<section class=\"relative w-full mx-auto pt-12 2xl:pt-12 pb-2.5 2xl:pb-2.5 none\">\n                        \n\n        <div class=\"section__content  max-w-4xl px-4 mx-auto sec_no_tabs\" >\n            \n\n<h4 class=\"wp-block-heading has-h-2-font-size\">How we use cookies<\/h4>\n\n\n\n<p class=\"has-p-regular-font-size\">We use cookies to:<\/p>\n\n\n\n<ul class=\"wp-block-list\">\n<li>Improve the functionality and usability of our Site.<\/li>\n\n\n\n<li>Analyze traffic and user behavior for website optimization.<\/li>\n\n\n\n<li>Deliver personalized content and advertising.<\/li>\n\n\n\n<li>Enhance your overall browsing experience.<\/li>\n<\/ul>\n\n\n        <\/div>\n    <\/section>\n\n\n<section class=\"relative w-full mx-auto pt-2.5 2xl:pt-2.5 pb-2.5 2xl:pb-2.5 none\">\n                        \n\n        <div class=\"section__content  max-w-4xl px-4 mx-auto sec_no_tabs\" >\n            \n\n<h3 class=\"wp-block-heading has-h-2-font-size\">Updates to this Cookie Policy<\/h3>\n\n\n\n<p class=\"has-p-regular-font-size\">We may update this Cookie Policy from time to time to reflect changes in our practices or for other operational, legal, or regulatory reasons. We encourage you to review this policy periodically.<\/p>\n\n\n        <\/div>\n    <\/section>\n\n\n<section class=\"relative w-full mx-auto pt-12 2xl:pt-12 pb-12 2xl:pb-12 none\">\n                        \n\n        <div class=\"section__content  max-w-4xl px-4 mx-auto sec_no_tabs\" >\n            \n\n<h3 class=\"wp-block-heading has-h-2-font-size\">Contact information<\/h3>\n\n\n\n<p class=\"has-p-regular-font-size\">If you have any questions about this Cookie Policy or how we use cookies, please contact us:<\/p>\n\n\n\n<p class=\"has-p-regular-font-size\">Headquarters \u2014 Sweden<br>Perimed AB<br>Datav\u00e4gen 9 A<br>175 43 J\u00e4rf\u00e4lla<br>Phone: +46 8 580 119 90<br>Mail: mail@perimed-instruments.com<\/p>\n\n\n\n<p class=\"has-p-regular-font-size\"><em>This cookie policy was last updated on December 10, 2024.<\/em><\/p>\n\n\n        <\/div>\n    <\/section>\n\n\n<div class=\"gn-spacer-block pb-24\">\n    <\/div>\n","protected":false},"excerpt":{"rendered":"","protected":false},"author":1,"featured_media":0,"parent":1161,"menu_order":0,"comment_status":"closed","ping_status":"closed","template":"","meta":{"_acf_changed":false,"inline_featured_image":false,"_FSMCFIC_featured_image_caption":"","_FSMCFIC_featured_image_nocaption":"","_FSMCFIC_featured_image_hide":"","footnotes":""},"class_list":["post-1167","page","type-page","status-publish","hentry"],"acf":{"page_layout":"fullwidth","page_header_style":"dark","page_hero_overlap_header":"no","page_custom_css":""},"_links":{"self":[{"href":"https:\/\/www.perimed-instruments.com\/us\/wp-json\/wp\/v2\/pages\/1167","targetHints":{"allow":["GET"]}}],"collection":[{"href":"https:\/\/www.perimed-instruments.com\/us\/wp-json\/wp\/v2\/pages"}],"about":[{"href":"https:\/\/www.perimed-instruments.com\/us\/wp-json\/wp\/v2\/types\/page"}],"author":[{"embeddable":true,"href":"https:\/\/www.perimed-instruments.com\/us\/wp-json\/wp\/v2\/users\/1"}],"replies":[{"embeddable":true,"href":"https:\/\/www.perimed-instruments.com\/us\/wp-json\/wp\/v2\/comments?post=1167"}],"version-history":[{"count":1,"href":"https:\/\/www.perimed-instruments.com\/us\/wp-json\/wp\/v2\/pages\/1167\/revisions"}],"predecessor-version":[{"id":3357,"href":"https:\/\/www.perimed-instruments.com\/us\/wp-json\/wp\/v2\/pages\/1167\/revisions\/3357"}],"up":[{"embeddable":true,"href":"https:\/\/www.perimed-instruments.com\/us\/wp-json\/wp\/v2\/pages\/1161"}],"wp:attachment":[{"href":"https:\/\/www.perimed-instruments.com\/us\/wp-json\/wp\/v2\/media?parent=1167"}],"curies":[{"name":"wp","href":"https:\/\/api.w.org\/{rel}","templated":true}]}}