{"id":1484,"date":"2024-12-27T15:11:42","date_gmt":"2024-12-27T15:11:42","guid":{"rendered":"http:\/\/www.perimed-instruments.com\/us\/?page_id=1484"},"modified":"2025-02-25T08:54:59","modified_gmt":"2025-02-25T08:54:59","slug":"contact","status":"publish","type":"page","link":"https:\/\/www.perimed-instruments.com\/us\/contact\/","title":{"rendered":"Contact"},"content":{"rendered":"<section class=\"relative w-full mx-auto pt-24 2xl:pt-24 pb-12 2xl:pb-12 none\">\n                                                \n                                        <div class=\"sec-bg sec-bg-laptop absolute top-0 inset-0 flex justify-center overflow-hidden bg-no-repeat w-full h-full pointer-events-none z-[-1]\" style=\"background-image: url(https:\/\/www.perimed-instruments.com\/us\/wp-content\/uploads\/sites\/3\/bg-hero-white-blur-right.webp);background-size:cover;background-position:center;\"><\/div>\n                                        <div class=\"sec-bg sec-bg-mobile absolute top-0 inset-0 flex justify-center overflow-hidden bg-no-repeat w-full h-full pointer-events-none z-[-1]\" style=\"background-image: url(https:\/\/www.perimed-instruments.com\/us\/wp-content\/uploads\/sites\/3\/bg-hero-white-blur-right.webp);background-size:cover;background-position:center;\"><\/div>\n                                        <div class=\"sec-bg sec-bg-wide absolute top-0 inset-0 flex justify-center overflow-hidden bg-no-repeat w-full h-full pointer-events-none z-[-1]\" style=\"background-image: url(https:\/\/www.perimed-instruments.com\/us\/wp-content\/uploads\/sites\/3\/bg-hero-white-blur-right.webp);background-size:cover;background-position:center;\"><\/div>\n                                        \n\n        <div class=\"section__content  max-w-screen-xl px-4 mx-auto sec_no_tabs\" >\n            \n\n<div class=\"wp-block-columns is-layout-flex wp-container-core-columns-is-layout-28f84493 wp-block-columns-is-layout-flex\">\n<div class=\"wp-block-column is-layout-flow wp-block-column-is-layout-flow\">\n<div class=\"wp-block-group is-content-justification-left is-layout-constrained wp-container-core-group-is-layout-4d085cea wp-block-group-is-layout-constrained\"><div class=\"yoast-breadcrumbs\"><span><span><a href=\"https:\/\/www.perimed-instruments.com\/us\/\">Home<\/a><\/span> \/ <span class=\"breadcrumb_last\" aria-current=\"page\">Contact<\/span><\/span><\/div>\n\n\n<h1 class=\"wp-block-heading pb-8 has-h-1-font-size\" id=\"h-get-in-touch\">Get in touch<\/h1>\n<\/div>\n<\/div>\n\n\n\n<div class=\"wp-block-column is-layout-flow wp-block-column-is-layout-flow\"><\/div>\n<\/div>\n\n\n        <\/div>\n    <\/section>\n\n\n<section class=\"relative w-full mx-auto pt-20 pb-20 none\">\n                    <div class=\"sec-bg-color absolute top-0 inset-0 flex justify-center overflow-hidden w-full h-full pointer-events-none z-[-2]\"  style=\"background-color:#e6f0ff;\">\n            <\/div>\n                        \n\n        <div class=\"section__content  max-w-screen-xl px-4 mx-auto sec_no_tabs\" >\n            \n\n<div class=\"wp-block-columns is-layout-flex wp-container-core-columns-is-layout-28f84493 wp-block-columns-is-layout-flex\">\n<div class=\"wp-block-column has-white-background-color has-background is-layout-flow wp-block-column-is-layout-flow\" style=\"padding-top:var(--wp--preset--spacing--4);padding-right:var(--wp--preset--spacing--4);padding-bottom:var(--wp--preset--spacing--4);padding-left:var(--wp--preset--spacing--4);box-shadow:var(--wp--preset--shadow--natural)\"><div class=\"wp-block-group alignwide is-layout-constrained wp-block-group-is-layout-constrained is-linked\"><a class=\"wp-block-group__link\" href=\"\/support\/\" target=\"_self\" rel=\"follow\" aria-hidden=\"true\" tabindex=\"-1\">&nbsp;<\/a>\n<figure class=\"wp-block-image size-full is-resized\"><img loading=\"lazy\" decoding=\"async\" width=\"800\" height=\"550\" src=\"https:\/\/www.perimed-instruments.com\/us\/wp-content\/uploads\/sites\/3\/perimed-support-calibration-verification.webp\" alt=\"perimed support calibration verification\" class=\"wp-image-1432\" style=\"width:485px;height:auto\" srcset=\"https:\/\/www.perimed-instruments.com\/us\/wp-content\/uploads\/sites\/3\/perimed-support-calibration-verification.webp 800w, https:\/\/www.perimed-instruments.com\/us\/wp-content\/uploads\/sites\/3\/perimed-support-calibration-verification-300x206.webp 300w, https:\/\/www.perimed-instruments.com\/us\/wp-content\/uploads\/sites\/3\/perimed-support-calibration-verification-768x528.webp 768w, https:\/\/www.perimed-instruments.com\/us\/wp-content\/uploads\/sites\/3\/perimed-support-calibration-verification-769x530.webp 769w\" sizes=\"auto, (max-width: 800px) 100vw, 800px\" \/><\/figure>\n\n\n<div class=\"gn-spacer-block pb-5\">\n    <\/div>\n\n\n\n<h5 class=\"wp-block-heading has-h-5-font-size\" id=\"h-customer-support\">Customer support<\/h5>\n\n\n\n<p class=\"has-text-align-left has-p-regular-font-size\">If you need assistance with our products or services, our support team is here to help.<\/p>\n\n\n<div class=\"gn-spacer-block pb-5\">\n    <\/div>\n\n\n\n<div class=\"wp-block-buttons is-layout-flex wp-block-buttons-is-layout-flex\">\n<div class=\"wp-block-button has-custom-width wp-block-button__width-100\"><a class=\"wp-block-button__link wp-element-button\" href=\"\/us\/support\/\">Customer support<\/a><\/div>\n<\/div>\n<\/div>\n<\/div>\n\n\n\n<div class=\"wp-block-column has-white-background-color has-background is-layout-flow wp-block-column-is-layout-flow\" style=\"padding-top:var(--wp--preset--spacing--4);padding-right:var(--wp--preset--spacing--4);padding-bottom:var(--wp--preset--spacing--4);padding-left:var(--wp--preset--spacing--4);box-shadow:var(--wp--preset--shadow--natural)\"><div class=\"wp-block-group alignwide is-layout-constrained wp-block-group-is-layout-constrained is-linked\"><a class=\"wp-block-group__link\" href=\"\/support\/order-manual\/\" target=\"_self\" rel=\"follow\" aria-hidden=\"true\" tabindex=\"-1\">&nbsp;<\/a>\n<figure class=\"wp-block-image size-full is-resized\"><img loading=\"lazy\" decoding=\"async\" width=\"800\" height=\"550\" src=\"https:\/\/www.perimed-instruments.com\/us\/wp-content\/uploads\/sites\/3\/order-perimed-manuals.webp\" alt=\"order perimed manuals\" class=\"wp-image-1465\" style=\"width:485px;height:auto\" srcset=\"https:\/\/www.perimed-instruments.com\/us\/wp-content\/uploads\/sites\/3\/order-perimed-manuals.webp 800w, https:\/\/www.perimed-instruments.com\/us\/wp-content\/uploads\/sites\/3\/order-perimed-manuals-300x206.webp 300w, https:\/\/www.perimed-instruments.com\/us\/wp-content\/uploads\/sites\/3\/order-perimed-manuals-768x528.webp 768w, https:\/\/www.perimed-instruments.com\/us\/wp-content\/uploads\/sites\/3\/order-perimed-manuals-769x530.webp 769w\" sizes=\"auto, (max-width: 800px) 100vw, 800px\" \/><\/figure>\n\n\n<div class=\"gn-spacer-block pb-5\">\n    <\/div>\n\n\n\n<h5 class=\"wp-block-heading has-h-5-font-size\" id=\"h-manuals\">Manuals<\/h5>\n\n\n\n<p class=\"has-text-align-left has-p-regular-font-size\">If you\u2019re looking for a spare manual for your Perimed instrument or need updated instructions.<\/p>\n\n\n<div class=\"gn-spacer-block pb-5\">\n    <\/div>\n\n\n\n<div class=\"wp-block-buttons is-layout-flex wp-container-core-buttons-is-layout-e9b0c5a7 wp-block-buttons-is-layout-flex\" style=\"margin-top:0;margin-bottom:0\">\n<div class=\"wp-block-button has-custom-width wp-block-button__width-100\"><a class=\"wp-block-button__link wp-element-button\" href=\"\/us\/support\/order-manual\">Need a manual?<\/a><\/div>\n<\/div>\n<\/div>\n<\/div>\n\n\n\n<div class=\"wp-block-column has-white-background-color has-background is-layout-flow wp-block-column-is-layout-flow\" style=\"padding-top:var(--wp--preset--spacing--4);padding-right:var(--wp--preset--spacing--4);padding-bottom:var(--wp--preset--spacing--4);padding-left:var(--wp--preset--spacing--4);box-shadow:var(--wp--preset--shadow--natural)\"><div class=\"wp-block-group alignwide is-layout-constrained wp-block-group-is-layout-constrained is-linked\"><a class=\"wp-block-group__link\" href=\"\/contact\/distributors\/\" target=\"_self\" rel=\"follow\" aria-hidden=\"true\" tabindex=\"-1\">&nbsp;<\/a>\n<figure class=\"wp-block-image size-full is-resized\"><img loading=\"lazy\" decoding=\"async\" width=\"800\" height=\"550\" src=\"https:\/\/www.perimed-instruments.com\/us\/wp-content\/uploads\/sites\/3\/perimed-distrubutors.webp\" alt=\"perimed distrubutors\" class=\"wp-image-1456\" style=\"width:485px;height:auto\" srcset=\"https:\/\/www.perimed-instruments.com\/us\/wp-content\/uploads\/sites\/3\/perimed-distrubutors.webp 800w, https:\/\/www.perimed-instruments.com\/us\/wp-content\/uploads\/sites\/3\/perimed-distrubutors-300x206.webp 300w, https:\/\/www.perimed-instruments.com\/us\/wp-content\/uploads\/sites\/3\/perimed-distrubutors-768x528.webp 768w, https:\/\/www.perimed-instruments.com\/us\/wp-content\/uploads\/sites\/3\/perimed-distrubutors-769x530.webp 769w\" sizes=\"auto, (max-width: 800px) 100vw, 800px\" \/><\/figure>\n\n\n<div class=\"gn-spacer-block pb-5\">\n    <\/div>\n\n\n\n<h5 class=\"wp-block-heading has-h-5-font-size\" id=\"h-perimed-distrubutors\">Perimed distrubutors<\/h5>\n\n\n\n<p class=\"has-text-align-left has-p-regular-font-size\">Our global network of distributors and regional sales offices is here to assist you.<\/p>\n\n\n<div class=\"gn-spacer-block pb-5\">\n    <\/div>\n\n\n\n<div class=\"wp-block-buttons is-layout-flex wp-block-buttons-is-layout-flex\">\n<div class=\"wp-block-button has-custom-width wp-block-button__width-100\"><a class=\"wp-block-button__link wp-element-button\" href=\"\/us\/contact\/distributors\/\">Find a distributor<\/a><\/div>\n<\/div>\n<\/div>\n<\/div>\n<\/div>\n\n\n        <\/div>\n    <\/section>\n\n\n<section class=\"relative w-full mx-auto pt-32 pb-10 none\">\n                        \n\n        <div class=\"section__content  max-w-screen-xl px-4 mx-auto sec_no_tabs\" >\n            \n\n<div class=\"wp-block-columns is-layout-flex wp-container-core-columns-is-layout-d86a4e21 wp-block-columns-is-layout-flex\">\n<div class=\"wp-block-column is-layout-flow wp-block-column-is-layout-flow\">\n<h3 class=\"wp-block-heading has-h-2-font-size\" id=\"h-contact-sales\">Contact Sales<\/h3>\n\n\n\n<p class=\"has-p-big-font-size\">If you want to know more about our products and services, fill out the form, and a local representative will be in touch with you.<\/p>\n\n\n<div class=\"gn-spacer-block pb-10\">\n    <\/div>\n\n\n\n<h3 class=\"wp-block-heading has-h-2-font-size\" id=\"h-contact-support\">Contact Support<\/h3>\n\n\n\n<p>For support, contact: <a href=\"mailto:usainfo@perimed-instruments.com\">usainfo@perimed-instruments.com<\/a><\/p>\n\n\n\n<p class=\"has-p-big-font-size\">Or call us at: 702-987-4655<\/p>\n\n\n<div class=\"gn-spacer-block pb-10\">\n    <\/div>\n\n\n\n<h4 class=\"wp-block-heading has-h-4-font-size\" id=\"h-visiting-our-us-offices\">Visiting our US offices?<\/h4>\n\n\n\n<p class=\"has-p-big-font-size\"><br>Perimed Inc.<br>7485 W Azure Dr, Suite 126<br>Las Vegas, NV 89130<\/p>\n\n\n<div class=\"gn-spacer-block pb-10\">\n    <\/div>\n\n\n\n<div class=\"responsive-map\">\n    <iframe \n        src=\"https:\/\/www.google.com\/maps\/embed?pb=!1m18!1m12!1m3!1d3216.562512753512!2d-115.26109388768131!3d36.27439889704583!2m3!1f0!2f0!3f0!3m2!1i1024!2i768!4f13.1!3m3!1m2!1s0x80c8eb684a7cfb4d%3A0x8bfeca5ccce7ac45!2s7485%20W%20Azure%20Dr%2C%20Las%20Vegas%2C%20NV%2089130%2C%20USA!5e0!3m2!1sen!2sus!4v1735312208557!5m2!1sen!2sus\" \n        style=\"border:0;\" \n        allowfullscreen=\"\" \n        loading=\"lazy\" \n        referrerpolicy=\"no-referrer-when-downgrade\">\n    <\/iframe>\n<\/div>\n\n\n<div class=\"gn-spacer-block pb-10\">\n    <\/div>\n\n\n\n<h4 class=\"wp-block-heading has-h-4-font-size\" id=\"h-visiting-our-swedish-headquarters-0\">Visiting our Swedish headquarters?<\/h4>\n\n\n\n<p class=\"has-p-regular-font-size\">Perimed AB<br>Datav\u00e4gen 9 A<br>175 43 J\u00e4rf\u00e4lla<br>Phone: +46 8 580 119 90<\/p>\n\n\n<div class=\"gn-spacer-block pb-10\">\n    <\/div>\n\n\n\n<div class=\"responsive-map\">\n    <iframe \n        src=\"https:\/\/www.google.com\/maps\/embed?pb=!1m18!1m12!1m3!1d1943.0002565480384!2d17.825436584538693!3d59.41236863228872!2m3!1f0!2f0!3f0!3m2!1i1024!2i768!4f13.1!3m3!1m2!1s0x465fa1d5a1b6a195%3A0x9b27e7133d02ac9f!2sPerimed%20AB!5e0!3m2!1ssv!2sse!4v1735309638314!5m2!1sen!2sen\" \n        style=\"border:0;\" \n        allowfullscreen=\"\" \n        loading=\"lazy\" \n        referrerpolicy=\"no-referrer-when-downgrade\">\n    <\/iframe>\n<\/div>\n\n\n<div class=\"gn-spacer-block pb-5\">\n    <\/div>\n<\/div>\n\n\n\n<div class=\"wp-block-column is-vertically-aligned-top is-layout-flow wp-block-column-is-layout-flow\"><div class=\"gn-spacer-block pb-4\">\n    <\/div>\n\n\n<div class=\"forms-block \" >\n            <div class=\"hs-form-frame\" data-region=\"na1\" data-form-id=\"e8e7b983-6449-44dc-a412-93c18c060218\" data-portal-id=\"19961763\"><\/div>\n    <\/div>\n<\/div>\n<\/div>\n\n\n        <\/div>\n    <\/section>\n","protected":false},"excerpt":{"rendered":"","protected":false},"author":1,"featured_media":0,"parent":0,"menu_order":0,"comment_status":"closed","ping_status":"closed","template":"","meta":{"_acf_changed":false,"inline_featured_image":false,"_FSMCFIC_featured_image_caption":"","_FSMCFIC_featured_image_nocaption":"","_FSMCFIC_featured_image_hide":"","footnotes":""},"class_list":["post-1484","page","type-page","status-publish","hentry"],"acf":{"page_layout":"fullwidth","page_header_style":"dark","page_hero_overlap_header":"no","page_custom_css":""},"_links":{"self":[{"href":"https:\/\/www.perimed-instruments.com\/us\/wp-json\/wp\/v2\/pages\/1484","targetHints":{"allow":["GET"]}}],"collection":[{"href":"https:\/\/www.perimed-instruments.com\/us\/wp-json\/wp\/v2\/pages"}],"about":[{"href":"https:\/\/www.perimed-instruments.com\/us\/wp-json\/wp\/v2\/types\/page"}],"author":[{"embeddable":true,"href":"https:\/\/www.perimed-instruments.com\/us\/wp-json\/wp\/v2\/users\/1"}],"replies":[{"embeddable":true,"href":"https:\/\/www.perimed-instruments.com\/us\/wp-json\/wp\/v2\/comments?post=1484"}],"version-history":[{"count":12,"href":"https:\/\/www.perimed-instruments.com\/us\/wp-json\/wp\/v2\/pages\/1484\/revisions"}],"predecessor-version":[{"id":3903,"href":"https:\/\/www.perimed-instruments.com\/us\/wp-json\/wp\/v2\/pages\/1484\/revisions\/3903"}],"wp:attachment":[{"href":"https:\/\/www.perimed-instruments.com\/us\/wp-json\/wp\/v2\/media?parent=1484"}],"curies":[{"name":"wp","href":"https:\/\/api.w.org\/{rel}","templated":true}]}}